{"id":7565,"date":"2021-05-19T17:00:03","date_gmt":"2021-05-19T08:00:03","guid":{"rendered":"https:\/\/care.org.tl\/?page_id=7565"},"modified":"2026-03-19T17:01:32","modified_gmt":"2026-03-19T08:01:32","slug":"srmh","status":"publish","type":"page","link":"https:\/\/care.org.tl\/tl\/srmh\/","title":{"rendered":"Sa\u00fade seksu\u00e1l, reprodutivu no matern\u00e1l"},"content":{"rendered":"<div data-elementor-type=\"wp-page\" data-elementor-id=\"7565\" class=\"elementor elementor-7565\">\n\t\t\t\t\t\t<section class=\"elementor-section elementor-top-section elementor-element elementor-element-7b176e8 elementor-section-full_width elementor-section-stretched elementor-section-height-default elementor-section-height-default\" data-id=\"7b176e8\" data-element_type=\"section\" data-settings=\"{&quot;stretch_section&quot;:&quot;section-stretched&quot;}\">\n\t\t\t\t\t\t<div class=\"elementor-container elementor-column-gap-no\">\n\t\t\t\t\t<div class=\"elementor-column elementor-col-100 elementor-top-column elementor-element elementor-element-a2f4ed9\" data-id=\"a2f4ed9\" data-element_type=\"column\">\n\t\t\t<div class=\"elementor-widget-wrap elementor-element-populated\">\n\t\t\t\t\t\t<div class=\"elementor-element elementor-element-5a4dbc5 elementor-widget elementor-widget-widgetkit-for-elementor-slider-2\" data-id=\"5a4dbc5\" data-element_type=\"widget\" data-widget_type=\"widgetkit-for-elementor-slider-2.default\">\n\t\t\t\t<div class=\"elementor-widget-container\">\n\t\t\t\t\t<!-- Animation Slider start -->\r\n<section id=\"tgx-hero-unit\" class=\"tgx-slider-2\">\r\n    <div class=\"row\">\r\n        <div id=\"5a4dbc5\" class=\"carousel slide\" data-ride=\"carousel\" data-interval=\"                 10000                \" >\r\n            \r\n            <!-- Wrapper for slides -->\r\n            <div class=\"carousel-inner\">\r\n                                                                        <div class=\"item active slider-0\" style=\"background-image: url('https:\/\/care.org.tl\/wp-content\/uploads\/2022\/11\/Sexual-Reproductive-Health-scaled.jpg');\">\r\n\r\n                                                                                        <div class=\"col-md-12 col-xs-12 col-sm-12\">\r\n                                                                        <div class=\"carousel-caption\">\r\n                                        <h2 class=\"slider-title animated animate-delay-1 fadeInDown\">Sa\u00fade reprodutiva seksu\u00e1l no sa\u00fade inan<\/h2>\r\n                                                                            <\/div>\r\n                                    <\/div>\r\n\r\n                                    \r\n                                                                        <\/div>\r\n                                                                    <\/div>\r\n\r\n\r\n                                                    <\/div>\r\n            <\/div>\r\n<\/section>\r\n\r\n\r\n<script type=\"text\/javascript\">\r\n    jQuery(document).ready(function($) {\r\n        \/\/ Hero area auto height adjustment\r\n        jQuery('#tgx-slider .carousel-inner .item').css({\r\n            'height': (($(window).height())) + 'px'\r\n        });\r\n        jQuery(window).resize(function() {\r\n            $('#tgx-slider .carousel-inner .item').css({\r\n                'height': (($(window).height())) + 'px'\r\n            });\r\n        });\r\n        if (!$('body').hasClass('wk-slider-2')) {\r\n            $('body').addClass('wk-slider-2');\r\n        };\r\n    });\r\n<\/script>\t\t\t\t<\/div>\n\t\t\t\t<\/div>\n\t\t\t\t\t<\/div>\n\t\t<\/div>\n\t\t\t\t\t<\/div>\n\t\t<\/section>\n\t\t\t\t<section class=\"elementor-section elementor-top-section elementor-element elementor-element-c50bc79 elementor-section-stretched elementor-section-boxed elementor-section-height-default elementor-section-height-default\" data-id=\"c50bc79\" data-element_type=\"section\" data-settings=\"{&quot;stretch_section&quot;:&quot;section-stretched&quot;,&quot;background_background&quot;:&quot;classic&quot;}\">\n\t\t\t\t\t\t<div class=\"elementor-container elementor-column-gap-no\">\n\t\t\t\t\t<div class=\"elementor-column elementor-col-100 elementor-top-column elementor-element elementor-element-a392c88\" data-id=\"a392c88\" data-element_type=\"column\">\n\t\t\t<div class=\"elementor-widget-wrap elementor-element-populated\">\n\t\t\t\t\t\t<div class=\"elementor-element elementor-element-a68a4d5 elementor-widget elementor-widget-text-editor\" data-id=\"a68a4d5\" data-element_type=\"widget\" data-widget_type=\"text-editor.default\">\n\t\t\t\t<div class=\"elementor-widget-container\">\n\t\t\t\t\t\t\t\t\t<h5><span style=\"color: #ffffff;\">Feto sira iha Timor-Leste hasoru dezafiu boot ba sa\u00fade inan nian, ho feto 570 ne'eb\u00e9 mate ba ema na'in 100,000 ne'eb\u00e9 moris, n\u00fameru mate ne'eb\u00e9 aas liu husi prosesu hahoris iha Sudeste Aziatiku.\nHo taxa fertilidade ne'eb\u00e9 aas, falta planeamentu familiar, asesu ba servisu antenatal no pos-natal ne'eb\u00e9 menus, falta kuidadu obstetriku emerj\u00e9nsia b\u00e1ziku, no nivel malnutrisaun ne'eb\u00e9 aas iha feto sira hotu kontribui ba taxa mortalidade inan ne'eb\u00e9 aas.<\/span><\/h5><div><span style=\"color: #ffffff;\">\u00a0<\/span><\/div><h5><span style=\"color: #ffffff;\">Maske governu iha pol\u00edtika no estratejia kompreensivu sira kona-ba sa\u00fade reprodutiva seksu\u00e1l no sa\u00fade inan, konaba implementasaun pol\u00edtika no estratejia ne'e dezafiu tebes, liu-liu iha area rural sira. Bareira sira inklui falta servisu ho kualidade, utilizasaun servisu ne'eb\u00e9 ho numeru ki\u2019ik, falta partisipasaun iha prosesu foti desizaun planeamentu familiar, no norma j\u00e9neru ne'eb\u00e9 metin tebes.<\/span><\/h5><div><span style=\"color: #ffffff;\">\u00a0<\/span><\/div><h5><span style=\"color: #ffffff;\">Iha direitu ba sa\u00fade sai hanesan CARE nia area impaktu prioridade ida. Ami fiar katak ema hotu iha direitu ba moris no sa\u00fade di\u2019ak, no hanesan rezultadu ida, atu hetan asesu ba sa\u00fade reprodutiva seksu\u00e1l no sa\u00fade inan. CARE nia programa sa\u00fade sira servisu iha nivel pesoal, sosial no estrutural atu asegura katak individu sira realiza duni sira nia direitu sira ne\u2019e.<\/span><\/h5><div><span style=\"color: #ffffff;\">\u00a0<\/span><\/div><h5><span style=\"color: #ffffff;\">CARE iha Timor-Leste servisu ho parseria ho Minist\u00e9riu Sa\u00fade dezde 2004 atu haforsa sa\u00fade reprodutiva seksu\u00e1l no sa\u00fade inan liu husi foka ba hadi\u2019ak asesu justu ba planeamentu familiar; hadi\u2019ak servisu sa\u00fade sira atu responde ba fornesimentu no nesesidade (supply and demand), no hadi\u2019ak nutrisaun liu husi edukasaun no harii jardin ba ai-han.<\/span><\/h5>\t\t\t\t\t\t\t\t<\/div>\n\t\t\t\t<\/div>\n\t\t\t\t\t<\/div>\n\t\t<\/div>\n\t\t\t\t\t<\/div>\n\t\t<\/section>\n\t\t\t\t<section class=\"elementor-section elementor-top-section elementor-element elementor-element-b38b1e5 elementor-section-boxed elementor-section-height-default elementor-section-height-default\" data-id=\"b38b1e5\" data-element_type=\"section\">\n\t\t\t\t\t\t<div class=\"elementor-container elementor-column-gap-default\">\n\t\t\t\t\t<div class=\"elementor-column elementor-col-100 elementor-top-column elementor-element elementor-element-a82c40e\" data-id=\"a82c40e\" data-element_type=\"column\">\n\t\t\t<div class=\"elementor-widget-wrap elementor-element-populated\">\n\t\t\t\t\t\t<div class=\"elementor-element elementor-element-2ed22cf elementor-widget elementor-widget-widgetkit-for-elementor-content-carousel\" data-id=\"2ed22cf\" data-element_type=\"widget\" data-widget_type=\"widgetkit-for-elementor-content-carousel.default\">\n\t\t\t\t<div class=\"elementor-widget-container\">\n\t\t\t\t\t\n<div class=\"content-carousel\" wk-slider=\"center:false; sets:false; autoplay:false; autoplay-interval:5000;\">\n    <div class=\"wk-visible-toggle wk-light wk-position-relative\" tabindex=\"-1\">\n                        <ul class=\"wk-grid-medium                       wk-slider-items                       wk-child-width-1-2@l                      wk-child-width-1-2@m                       wk-child-width-1-1@s\" wk-grid>\n                                                                            <li class=\"wk-flex wk-flex-center wk-grid-match\">\n                            <div class=\"wk-card wk-card-default wk-margin-small-bottom\">\n                                                                                                                                                                        <div class=\"wk-card-body\">\n                                                                                <h2 class=\"wk-card-title wk-margin-remove\"><a >COVID-19 and Health Systems Strengthening  project (Completed)<\/a><\/h2>\n                                                                            <\/div>\n                                                                                                    <div class=\"wk-card-media-bottom wk-overflow-hidden\">\n                                        <a class=\"wk-display-block\" href=\"https:\/\/drive.google.com\/file\/d\/1jqYw59L3x9sSJ3ASbUMa540YgM_ywPMW\/view?usp=sharing\" \"rel=\"nofollow\">\n                                                                                            <img decoding=\"async\" src=\"https:\/\/care.org.tl\/wp-content\/uploads\/2023\/10\/CARETL-COVID-19-Medical-centre-03-600x450.jpg\" alt=\"COVID-19 and Health Systems Strengthening  project (Completed)\">\n                                                                                    <\/a>\n                                    <\/div>\n                                \n                            <\/div>\n                        <\/li>\n                                            <li class=\"wk-flex wk-flex-center wk-grid-match\">\n                            <div class=\"wk-card wk-card-default wk-margin-small-bottom\">\n                                                                                                                                                                        <div class=\"wk-card-body\">\n                                                                                <h2 class=\"wk-card-title wk-margin-remove wk-card-title wk-margin-remove\"><a >HAMORIS (Remata iha 2022)<\/a><\/h2>\n                                                                            <\/div>\n                                                                                                    <div class=\"wk-card-media-bottom wk-overflow-hidden\">\n                                        <a class=\"wk-display-block\" href=\"https:\/\/care.org.tl\/wp-content\/uploads\/2022\/11\/CARE-Hamoris-Project-Brief_Jul-20.pdf\" \"rel=\"nofollow\">\n                                                                                            <img decoding=\"async\" src=\"https:\/\/care.org.tl\/wp-content\/uploads\/2021\/04\/maternal-health-600x437.jpg\" alt=\"HAMORIS (Completed 2022)\">\n                                                                                    <\/a>\n                                    <\/div>\n                                \n                            <\/div>\n                        <\/li>\n                                                    <\/ul>\n                \n    <\/div>\n    \n<\/div>\n\n<script>\n    jQuery(function($) {\n        if (!$('body').hasClass('wk-content-carousel')) {\n            $('body').addClass('wk-content-carousel');\n        }\n    });\n<\/script>\t\t\t\t<\/div>\n\t\t\t\t<\/div>\n\t\t\t\t\t<\/div>\n\t\t<\/div>\n\t\t\t\t\t<\/div>\n\t\t<\/section>\n\t\t\t\t<\/div>","protected":false},"excerpt":{"rendered":"<p>Sexual, Reproductive &amp; Maternal health &amp; Rights Women in Timor-Leste face huge maternal health challenges, with as many as 570 women dying per 100,000 live births, the highest rate of [&hellip;]<\/p>","protected":false},"author":1,"featured_media":0,"parent":0,"menu_order":0,"comment_status":"closed","ping_status":"closed","template":"","meta":{"_monsterinsights_skip_tracking":false,"_monsterinsights_sitenote_active":false,"_monsterinsights_sitenote_note":"","_monsterinsights_sitenote_category":0,"_uf_show_specific_survey":0,"_uf_disable_surveys":false,"footnotes":""},"class_list":["post-7565","page","type-page","status-publish","hentry"],"_links":{"self":[{"href":"https:\/\/care.org.tl\/tl\/wp-json\/wp\/v2\/pages\/7565","targetHints":{"allow":["GET"]}}],"collection":[{"href":"https:\/\/care.org.tl\/tl\/wp-json\/wp\/v2\/pages"}],"about":[{"href":"https:\/\/care.org.tl\/tl\/wp-json\/wp\/v2\/types\/page"}],"author":[{"embeddable":true,"href":"https:\/\/care.org.tl\/tl\/wp-json\/wp\/v2\/users\/1"}],"replies":[{"embeddable":true,"href":"https:\/\/care.org.tl\/tl\/wp-json\/wp\/v2\/comments?post=7565"}],"version-history":[{"count":155,"href":"https:\/\/care.org.tl\/tl\/wp-json\/wp\/v2\/pages\/7565\/revisions"}],"predecessor-version":[{"id":13201,"href":"https:\/\/care.org.tl\/tl\/wp-json\/wp\/v2\/pages\/7565\/revisions\/13201"}],"wp:attachment":[{"href":"https:\/\/care.org.tl\/tl\/wp-json\/wp\/v2\/media?parent=7565"}],"curies":[{"name":"wp","href":"https:\/\/api.w.org\/{rel}","templated":true}]}}