{"id":782,"date":"2020-06-08T11:53:37","date_gmt":"2020-06-08T11:53:37","guid":{"rendered":"http:\/\/www.nicdarkthemes.com\/themes\/donation\/wp\/demo\/charity\/?page_id=782"},"modified":"2024-01-22T13:36:39","modified_gmt":"2024-01-22T04:36:39","slug":"about-us","status":"publish","type":"page","link":"https:\/\/care.org.tl\/tl\/about-us\/","title":{"rendered":"Konaba Ami"},"content":{"rendered":"<div data-elementor-type=\"wp-page\" data-elementor-id=\"782\" class=\"elementor elementor-782\">\n\t\t\t\t\t\t<section class=\"elementor-section elementor-top-section elementor-element elementor-element-4791a847 elementor-section-height-min-height elementor-section-stretched animated-slow elementor-section-boxed elementor-section-height-default elementor-section-items-middle elementor-invisible\" data-id=\"4791a847\" data-element_type=\"section\" data-settings=\"{&quot;background_background&quot;:&quot;classic&quot;,&quot;stretch_section&quot;:&quot;section-stretched&quot;,&quot;animation&quot;:&quot;zoomIn&quot;,&quot;animation_delay&quot;:60}\">\n\t\t\t\t\t\t\t<div class=\"elementor-background-overlay\"><\/div>\n\t\t\t\t\t\t\t<div class=\"elementor-container elementor-column-gap-no\">\n\t\t\t\t\t<div class=\"elementor-column elementor-col-100 elementor-top-column elementor-element elementor-element-7da13dcc\" data-id=\"7da13dcc\" data-element_type=\"column\">\n\t\t\t<div class=\"elementor-widget-wrap elementor-element-populated\">\n\t\t\t\t\t\t<div class=\"elementor-element elementor-element-371f4ef elementor-widget elementor-widget-heading\" data-id=\"371f4ef\" data-element_type=\"widget\" data-widget_type=\"heading.default\">\n\t\t\t\t<div class=\"elementor-widget-container\">\n\t\t\t\t\t<h2 class=\"elementor-heading-title elementor-size-xxl\"><b>S\u00e9 mak ami<\/b><\/h2>\t\t\t\t<\/div>\n\t\t\t\t<\/div>\n\t\t\t\t\t<\/div>\n\t\t<\/div>\n\t\t\t\t\t<\/div>\n\t\t<\/section>\n\t\t\t\t<section class=\"elementor-section elementor-top-section elementor-element elementor-element-574218b elementor-section-stretched animated-slow elementor-section-boxed elementor-section-height-default elementor-section-height-default elementor-invisible\" data-id=\"574218b\" data-element_type=\"section\" data-settings=\"{&quot;stretch_section&quot;:&quot;section-stretched&quot;,&quot;background_background&quot;:&quot;classic&quot;,&quot;animation&quot;:&quot;fadeInLeft&quot;,&quot;animation_delay&quot;:30}\">\n\t\t\t\t\t\t<div class=\"elementor-container elementor-column-gap-default\">\n\t\t\t\t\t<div class=\"elementor-column elementor-col-50 elementor-top-column elementor-element elementor-element-66afc13\" data-id=\"66afc13\" data-element_type=\"column\">\n\t\t\t<div class=\"elementor-widget-wrap elementor-element-populated\">\n\t\t\t\t\t\t<div class=\"elementor-element elementor-element-081b12f elementor-widget elementor-widget-text-editor\" data-id=\"081b12f\" data-element_type=\"widget\" data-widget_type=\"text-editor.default\">\n\t\t\t\t<div class=\"elementor-widget-container\">\n\t\t\t\t\t\t\t\t\t<h4 style=\"text-align: left;\"><span style=\"color: #ffffff;\">CARE iha Timor-Leste foka ba edukasaun, sa\u00fade, hakbiit feto sira-nia ekonomia, igualdade j\u00e9neru, asist\u00e9nsia umanitariu, no ai-han, nutrisaun no reziliensia ba mudansa klim\u00e1tika.<\/span><\/h4><h4 style=\"text-align: left;\"><span style=\"color: #ffffff;\"><br \/>CARE ho ninia programa sira to\u2019o ona komunidade rural no remotas iha Timor-Leste hamutuk 499,277, 49% husi numeru ne\u2019e mak feto no labarik feto sira.<\/span><\/h4>\t\t\t\t\t\t\t\t<\/div>\n\t\t\t\t<\/div>\n\t\t\t\t\t<\/div>\n\t\t<\/div>\n\t\t\t\t<div class=\"elementor-column elementor-col-50 elementor-top-column elementor-element elementor-element-0a312c4\" data-id=\"0a312c4\" data-element_type=\"column\">\n\t\t\t<div class=\"elementor-widget-wrap elementor-element-populated\">\n\t\t\t\t\t\t<div class=\"elementor-element elementor-element-923b222 elementor-widget__width-initial elementor-widget elementor-widget-google_maps\" data-id=\"923b222\" data-element_type=\"widget\" data-widget_type=\"google_maps.default\">\n\t\t\t\t<div class=\"elementor-widget-container\">\n\t\t\t\t\t\t\t<div class=\"elementor-custom-embed\">\n\t\t\t<iframe loading=\"lazy\"\n\t\t\t\t\tsrc=\"https:\/\/maps.google.com\/maps?q=East%20Timor&#038;t=m&#038;z=7&#038;output=embed&#038;iwloc=near\"\n\t\t\t\t\ttitle=\"East Timor\"\n\t\t\t\t\taria-label=\"East Timor\"\n\t\t\t><\/iframe>\n\t\t<\/div>\n\t\t\t\t\t\t<\/div>\n\t\t\t\t<\/div>\n\t\t\t\t\t<\/div>\n\t\t<\/div>\n\t\t\t\t\t<\/div>\n\t\t<\/section>\n\t\t\t\t<section class=\"elementor-section elementor-top-section elementor-element elementor-element-53d80a9 elementor-section-stretched elementor-section-boxed elementor-section-height-default elementor-section-height-default elementor-invisible\" data-id=\"53d80a9\" data-element_type=\"section\" data-settings=\"{&quot;background_background&quot;:&quot;gradient&quot;,&quot;stretch_section&quot;:&quot;section-stretched&quot;,&quot;animation&quot;:&quot;zoomIn&quot;}\">\n\t\t\t\t\t\t<div class=\"elementor-container elementor-column-gap-default\">\n\t\t\t\t\t<div class=\"elementor-column elementor-col-100 elementor-top-column elementor-element elementor-element-39b16d8\" data-id=\"39b16d8\" data-element_type=\"column\">\n\t\t\t<div class=\"elementor-widget-wrap elementor-element-populated\">\n\t\t\t\t\t\t<div class=\"elementor-element elementor-element-688236f animated-slow elementor-widget elementor-widget-heading\" data-id=\"688236f\" data-element_type=\"widget\" data-settings=\"{&quot;_animation&quot;:&quot;none&quot;,&quot;_animation_delay&quot;:100}\" data-widget_type=\"heading.default\">\n\t\t\t\t<div class=\"elementor-widget-container\">\n\t\t\t\t\t<h2 class=\"elementor-heading-title elementor-size-xxl\"><b>Ami nia Vizaun<\/b><\/h2>\t\t\t\t<\/div>\n\t\t\t\t<\/div>\n\t\t\t\t<section class=\"elementor-section elementor-inner-section elementor-element elementor-element-527fda4 elementor-section-boxed elementor-section-height-default elementor-section-height-default\" data-id=\"527fda4\" data-element_type=\"section\">\n\t\t\t\t\t\t\t<div class=\"elementor-background-overlay\"><\/div>\n\t\t\t\t\t\t\t<div class=\"elementor-container elementor-column-gap-default\">\n\t\t\t\t\t<div class=\"elementor-column elementor-col-50 elementor-inner-column elementor-element elementor-element-094506e\" data-id=\"094506e\" data-element_type=\"column\">\n\t\t\t<div class=\"elementor-widget-wrap elementor-element-populated\">\n\t\t\t\t\t\t<div class=\"elementor-element elementor-element-afad0cf elementor-widget elementor-widget-image\" data-id=\"afad0cf\" data-element_type=\"widget\" data-widget_type=\"image.default\">\n\t\t\t\t<div class=\"elementor-widget-container\">\n\t\t\t\t\t\t\t\t\t\t\t\t\t\t\t<img fetchpriority=\"high\" decoding=\"async\" width=\"2560\" height=\"1707\" src=\"https:\/\/care.org.tl\/wp-content\/uploads\/2024\/01\/IMG_8409-scaled.jpg\" class=\"attachment-full size-full wp-image-12441\" alt=\"\" srcset=\"https:\/\/care.org.tl\/wp-content\/uploads\/2024\/01\/IMG_8409-scaled.jpg 2560w, https:\/\/care.org.tl\/wp-content\/uploads\/2024\/01\/IMG_8409-300x200.jpg 300w, https:\/\/care.org.tl\/wp-content\/uploads\/2024\/01\/IMG_8409-1024x683.jpg 1024w, https:\/\/care.org.tl\/wp-content\/uploads\/2024\/01\/IMG_8409-768x512.jpg 768w, https:\/\/care.org.tl\/wp-content\/uploads\/2024\/01\/IMG_8409-1536x1024.jpg 1536w, https:\/\/care.org.tl\/wp-content\/uploads\/2024\/01\/IMG_8409-2048x1365.jpg 2048w, https:\/\/care.org.tl\/wp-content\/uploads\/2024\/01\/IMG_8409-18x12.jpg 18w, https:\/\/care.org.tl\/wp-content\/uploads\/2024\/01\/IMG_8409-600x400.jpg 600w\" sizes=\"(max-width: 2560px) 100vw, 2560px\" \/>\t\t\t\t\t\t\t\t\t\t\t\t\t\t\t<\/div>\n\t\t\t\t<\/div>\n\t\t\t\t\t<\/div>\n\t\t<\/div>\n\t\t\t\t<div class=\"elementor-column elementor-col-50 elementor-inner-column elementor-element elementor-element-04a5eab\" data-id=\"04a5eab\" data-element_type=\"column\">\n\t\t\t<div class=\"elementor-widget-wrap elementor-element-populated\">\n\t\t\t\t\t\t<div class=\"elementor-element elementor-element-49d2991 elementor-widget elementor-widget-text-editor\" data-id=\"49d2991\" data-element_type=\"widget\" data-widget_type=\"text-editor.default\">\n\t\t\t\t<div class=\"elementor-widget-container\">\n\t\t\t\t\t\t\t\t\t<h4><span style=\"color: #ffffff;\">Ami hakarak mundu ida ne'eb\u00e9 ho esperansa, toler\u00e1nsia no justisa sosial, ne'eb\u00e9 livre husi ki'ak no ema moris iha dignidade no seguru.<\/span><\/h4><h4><span style=\"color: #ffffff;\"><br \/><\/span><span style=\"color: #ffffff;\">CARE sai nudar forsa no parseiru global ida ba iha movimentu mundi\u00e1l atu halakon ki'ak. Ami ko\u00f1esidu iha ne'eb\u00e9 deit ho komprimisiu ne'eb\u00e9 metin ba defende dignidade umana nian.<\/span><\/h4><h4><span style=\"color: #ffffff;\"><br \/><\/span><span style=\"color: #ffffff;\">Ami buka atu salva moris: Asaun umanitariu no responde ba emerjensia, ho atensaun espesial ba nesesidade feto no populasaun marjinalizadu sira sai sentru ba ami servisu.<\/span><\/h4><h4><span style=\"color: #ffffff;\"><br \/><\/span><span style=\"color: #ffffff;\">Hasa\u2019e impaktu: Liu husi aprendijazen no dezenvolve parseria, atu haboot met\u00f3du sira ne\u2019eb\u00e9 provadu ona atu hamenus ki\u2019ak.<br \/><\/span><span style=\"color: #ffffff;\">Kria mudansa ho durasaun naruk: F\u00f3 solusaun inovativu no uza instrumentu dezenvolvimentu sustentavel atu hamenus risku no kria reziliensia.<\/span><\/h4>\t\t\t\t\t\t\t\t<\/div>\n\t\t\t\t<\/div>\n\t\t\t\t\t<\/div>\n\t\t<\/div>\n\t\t\t\t\t<\/div>\n\t\t<\/section>\n\t\t\t\t\t<\/div>\n\t\t<\/div>\n\t\t\t\t\t<\/div>\n\t\t<\/section>\n\t\t\t\t<section class=\"elementor-section elementor-top-section elementor-element elementor-element-e916a97 elementor-section-stretched elementor-section-boxed elementor-section-height-default elementor-section-height-default elementor-invisible\" data-id=\"e916a97\" data-element_type=\"section\" data-settings=\"{&quot;background_background&quot;:&quot;gradient&quot;,&quot;stretch_section&quot;:&quot;section-stretched&quot;,&quot;animation&quot;:&quot;zoomInDown&quot;}\">\n\t\t\t\t\t\t<div class=\"elementor-container elementor-column-gap-no\">\n\t\t\t\t\t<div class=\"elementor-column elementor-col-100 elementor-top-column elementor-element elementor-element-5a78d42\" data-id=\"5a78d42\" data-element_type=\"column\">\n\t\t\t<div class=\"elementor-widget-wrap elementor-element-populated\">\n\t\t\t\t\t\t<div class=\"elementor-element elementor-element-7ba99e3 elementor-widget elementor-widget-heading\" data-id=\"7ba99e3\" data-element_type=\"widget\" data-widget_type=\"heading.default\">\n\t\t\t\t<div class=\"elementor-widget-container\">\n\t\t\t\t\t<h2 class=\"elementor-heading-title elementor-size-xxl\"><b>Ami nia Misaun<\/b><\/h2>\t\t\t\t<\/div>\n\t\t\t\t<\/div>\n\t\t\t\t<section class=\"elementor-section elementor-inner-section elementor-element elementor-element-d2c7b75 elementor-section-boxed elementor-section-height-default elementor-section-height-default\" data-id=\"d2c7b75\" data-element_type=\"section\">\n\t\t\t\t\t\t\t<div class=\"elementor-background-overlay\"><\/div>\n\t\t\t\t\t\t\t<div class=\"elementor-container elementor-column-gap-default\">\n\t\t\t\t\t<div class=\"elementor-column elementor-col-50 elementor-inner-column elementor-element elementor-element-de4e0bf\" data-id=\"de4e0bf\" data-element_type=\"column\">\n\t\t\t<div class=\"elementor-widget-wrap elementor-element-populated\">\n\t\t\t\t\t\t<div class=\"elementor-element elementor-element-73edc7d elementor-widget elementor-widget-text-editor\" data-id=\"73edc7d\" data-element_type=\"widget\" data-widget_type=\"text-editor.default\">\n\t\t\t\t<div class=\"elementor-widget-container\">\n\t\t\t\t\t\t\t\t\t<h4><span style=\"color: #ffffff;\">CARE servisu iha fatin barak iha mundu atu salva moris, halakon ki\u2019ak no atinje justisa sosial. Feto no labarik feto sira sentru iha ami nia servisu, tamba ami hatene katak ita sei labele halakon ki\u2019iak s\u00e9 karik ema hotu-hotu la hetan direitu no oportunidade igual.<\/span><\/h4>\t\t\t\t\t\t\t\t<\/div>\n\t\t\t\t<\/div>\n\t\t\t\t<div class=\"elementor-element elementor-element-8168f8f elementor-widget elementor-widget-heading\" data-id=\"8168f8f\" data-element_type=\"widget\" data-widget_type=\"heading.default\">\n\t\t\t\t<div class=\"elementor-widget-container\">\n\t\t\t\t\t<h4 class=\"elementor-heading-title elementor-size-xl\">Ami nia valor prinsipal sira<\/h4>\t\t\t\t<\/div>\n\t\t\t\t<\/div>\n\t\t\t\t\t<\/div>\n\t\t<\/div>\n\t\t\t\t<div class=\"elementor-column elementor-col-50 elementor-inner-column elementor-element elementor-element-7a2628e\" data-id=\"7a2628e\" data-element_type=\"column\">\n\t\t\t<div class=\"elementor-widget-wrap elementor-element-populated\">\n\t\t\t\t\t\t<div class=\"elementor-element elementor-element-ea78874 animated-slow e-transform elementor-widget elementor-widget-image\" data-id=\"ea78874\" data-element_type=\"widget\" data-settings=\"{&quot;_animation&quot;:&quot;none&quot;,&quot;_animation_delay&quot;:0,&quot;_transform_translateX_effect&quot;:{&quot;unit&quot;:&quot;px&quot;,&quot;size&quot;:20,&quot;sizes&quot;:[]},&quot;_transform_translateX_effect_tablet&quot;:{&quot;unit&quot;:&quot;px&quot;,&quot;size&quot;:&quot;&quot;,&quot;sizes&quot;:[]},&quot;_transform_translateX_effect_mobile&quot;:{&quot;unit&quot;:&quot;px&quot;,&quot;size&quot;:&quot;&quot;,&quot;sizes&quot;:[]},&quot;_transform_translateY_effect&quot;:{&quot;unit&quot;:&quot;px&quot;,&quot;size&quot;:&quot;&quot;,&quot;sizes&quot;:[]},&quot;_transform_translateY_effect_tablet&quot;:{&quot;unit&quot;:&quot;px&quot;,&quot;size&quot;:&quot;&quot;,&quot;sizes&quot;:[]},&quot;_transform_translateY_effect_mobile&quot;:{&quot;unit&quot;:&quot;px&quot;,&quot;size&quot;:&quot;&quot;,&quot;sizes&quot;:[]}}\" data-widget_type=\"image.default\">\n\t\t\t\t<div class=\"elementor-widget-container\">\n\t\t\t\t\t\t\t\t\t\t\t\t\t\t\t<img decoding=\"async\" src=\"https:\/\/care.org.tl\/wp-content\/uploads\/2024\/01\/IMG_8261-scaled.jpg\" title=\"IMG_8261\" alt=\"IMG_8261\" loading=\"lazy\" \/>\t\t\t\t\t\t\t\t\t\t\t\t\t\t\t<\/div>\n\t\t\t\t<\/div>\n\t\t\t\t\t<\/div>\n\t\t<\/div>\n\t\t\t\t\t<\/div>\n\t\t<\/section>\n\t\t\t\t\t<\/div>\n\t\t<\/div>\n\t\t\t\t\t<\/div>\n\t\t<\/section>\n\t\t\t\t<\/div>","protected":false},"excerpt":{"rendered":"<p>Who we are CARE in Timor-Leste focuses on education, health, women\u2019s economic empowerment, gender equality, humanitarian assistance, and food, nutrition and climate change resilience. CARE has reached 499,277 people in [&hellip;]<\/p>","protected":false},"author":1,"featured_media":0,"parent":0,"menu_order":0,"comment_status":"closed","ping_status":"closed","template":"","meta":{"_monsterinsights_skip_tracking":false,"_monsterinsights_sitenote_active":false,"_monsterinsights_sitenote_note":"","_monsterinsights_sitenote_category":0,"_uf_show_specific_survey":0,"_uf_disable_surveys":false,"footnotes":""},"class_list":["post-782","page","type-page","status-publish","hentry"],"_links":{"self":[{"href":"https:\/\/care.org.tl\/tl\/wp-json\/wp\/v2\/pages\/782","targetHints":{"allow":["GET"]}}],"collection":[{"href":"https:\/\/care.org.tl\/tl\/wp-json\/wp\/v2\/pages"}],"about":[{"href":"https:\/\/care.org.tl\/tl\/wp-json\/wp\/v2\/types\/page"}],"author":[{"embeddable":true,"href":"https:\/\/care.org.tl\/tl\/wp-json\/wp\/v2\/users\/1"}],"replies":[{"embeddable":true,"href":"https:\/\/care.org.tl\/tl\/wp-json\/wp\/v2\/comments?post=782"}],"version-history":[{"count":456,"href":"https:\/\/care.org.tl\/tl\/wp-json\/wp\/v2\/pages\/782\/revisions"}],"predecessor-version":[{"id":13038,"href":"https:\/\/care.org.tl\/tl\/wp-json\/wp\/v2\/pages\/782\/revisions\/13038"}],"wp:attachment":[{"href":"https:\/\/care.org.tl\/tl\/wp-json\/wp\/v2\/media?parent=782"}],"curies":[{"name":"wp","href":"https:\/\/api.w.org\/{rel}","templated":true}]}}